{"id":22845,"date":"2024-01-18T14:46:55","date_gmt":"2024-01-18T17:46:55","guid":{"rendered":"https:\/\/courocal-com-br.umbler.net\/?page_id=22845"},"modified":"2024-01-18T15:20:20","modified_gmt":"2024-01-18T18:20:20","slug":"adesivos-e-cola","status":"publish","type":"page","link":"https:\/\/courocal.com.br\/?page_id=22845","title":{"rendered":"Adesivos e Cola"},"content":{"rendered":"\t\t<div data-elementor-type=\"wp-page\" data-elementor-id=\"22845\" class=\"elementor elementor-22845\" data-elementor-post-type=\"page\">\n\t\t\t\t\t\t<section class=\"elementor-section elementor-top-section elementor-element elementor-element-8991c9b elementor-section-boxed elementor-section-height-default elementor-section-height-default\" data-id=\"8991c9b\" data-element_type=\"section\">\n\t\t\t\t\t\t<div class=\"elementor-container elementor-column-gap-default\">\n\t\t\t\t\t<div class=\"elementor-column elementor-col-100 elementor-top-column elementor-element elementor-element-a68e324\" data-id=\"a68e324\" data-element_type=\"column\">\n\t\t\t<div class=\"elementor-widget-wrap elementor-element-populated\">\n\t\t\t\t\t\t<div class=\"elementor-element elementor-element-4e1e572 elementor-widget elementor-widget-heading\" data-id=\"4e1e572\" data-element_type=\"widget\" data-widget_type=\"heading.default\">\n\t\t\t\t<div class=\"elementor-widget-container\">\n\t\t\t\t\t<h2 class=\"elementor-heading-title elementor-size-default\">Adesivos \u00e0 base de \u00e1gua\n<\/h2>\t\t\t\t<\/div>\n\t\t\t\t<\/div>\n\t\t\t\t<div class=\"elementor-element elementor-element-906bb07 elementor-widget elementor-widget-text-editor\" data-id=\"906bb07\" data-element_type=\"widget\" data-widget_type=\"text-editor.default\">\n\t\t\t\t<div class=\"elementor-widget-container\">\n\t\t\t\t\t\t\t\t\t<h4 class=\"mbr-section-subtitle align-center mbr-fonts-style mb-4 display-7\">Livre de solvente, a linha de adesivos Couroplast, da Courocal, serve para diferentes aplica\u00e7\u00f5es e colagem em materiais diversos \u2014 de pap\u00e9is e pl\u00e1sticos a laminados, f\u00f3rmica e madeira, superf\u00edcies envernizadas. S\u00e3o envasadas em embalagens de 1 kg e bombonas de 5 kgs. Dispon\u00edveis tamb\u00e9m em barricas de 10 kgs\/ 25Kgs e 50 Kgs.<\/h4>\t\t\t\t\t\t\t\t<\/div>\n\t\t\t\t<\/div>\n\t\t\t\t\t<\/div>\n\t\t<\/div>\n\t\t\t\t\t<\/div>\n\t\t<\/section>\n\t\t\t\t<section class=\"elementor-section elementor-top-section elementor-element elementor-element-ec037a8 elementor-section-boxed elementor-section-height-default elementor-section-height-default\" data-id=\"ec037a8\" data-element_type=\"section\">\n\t\t\t\t\t\t<div class=\"elementor-container elementor-column-gap-default\">\n\t\t\t\t\t<div class=\"elementor-column elementor-col-100 elementor-top-column elementor-element elementor-element-8bb58ab\" data-id=\"8bb58ab\" data-element_type=\"column\">\n\t\t\t<div class=\"elementor-widget-wrap elementor-element-populated\">\n\t\t\t\t\t\t<div class=\"elementor-element elementor-element-46dfd3a elementor-widget elementor-widget-jet-listing-grid\" data-id=\"46dfd3a\" data-element_type=\"widget\" data-settings=\"{&quot;columns&quot;:&quot;2&quot;,&quot;columns_mobile&quot;:&quot;1&quot;}\" data-widget_type=\"jet-listing-grid.default\">\n\t\t\t\t<div class=\"elementor-widget-container\">\n\t\t\t\t\t<div class=\"jet-listing-grid jet-listing\"><div class=\"jet-listing-grid__items grid-col-desk-2 grid-col-tablet-2 grid-col-mobile-1 jet-listing-grid--22840 jet-listing-grid__masonry jet-equal-columns__wrapper\" data-masonry-grid-options=\"{&quot;columns&quot;:{&quot;desktop&quot;:2,&quot;tablet&quot;:2,&quot;mobile&quot;:1}}\" data-queried-id=\"22845|WP_Post\" data-nav=\"{&quot;enabled&quot;:false,&quot;type&quot;:null,&quot;more_el&quot;:null,&quot;query&quot;:[],&quot;widget_settings&quot;:{&quot;lisitng_id&quot;:22840,&quot;posts_num&quot;:6,&quot;columns&quot;:2,&quot;columns_tablet&quot;:2,&quot;columns_mobile&quot;:1,&quot;is_archive_template&quot;:&quot;&quot;,&quot;post_status&quot;:[&quot;publish&quot;],&quot;use_random_posts_num&quot;:&quot;&quot;,&quot;max_posts_num&quot;:9,&quot;not_found_message&quot;:&quot;No data was found&quot;,&quot;is_masonry&quot;:true,&quot;equal_columns_height&quot;:&quot;yes&quot;,&quot;use_load_more&quot;:&quot;&quot;,&quot;load_more_id&quot;:&quot;&quot;,&quot;load_more_type&quot;:&quot;click&quot;,&quot;load_more_offset&quot;:{&quot;unit&quot;:&quot;px&quot;,&quot;size&quot;:0,&quot;sizes&quot;:[]},&quot;use_custom_post_types&quot;:&quot;&quot;,&quot;custom_post_types&quot;:[],&quot;hide_widget_if&quot;:&quot;&quot;,&quot;carousel_enabled&quot;:&quot;&quot;,&quot;slides_to_scroll&quot;:&quot;1&quot;,&quot;arrows&quot;:&quot;true&quot;,&quot;arrow_icon&quot;:&quot;fa fa-angle-left&quot;,&quot;dots&quot;:&quot;&quot;,&quot;autoplay&quot;:&quot;true&quot;,&quot;pause_on_hover&quot;:&quot;true&quot;,&quot;autoplay_speed&quot;:5000,&quot;infinite&quot;:&quot;true&quot;,&quot;center_mode&quot;:&quot;&quot;,&quot;effect&quot;:&quot;slide&quot;,&quot;speed&quot;:500,&quot;inject_alternative_items&quot;:&quot;&quot;,&quot;injection_items&quot;:[],&quot;scroll_slider_enabled&quot;:&quot;&quot;,&quot;scroll_slider_on&quot;:[&quot;desktop&quot;,&quot;tablet&quot;,&quot;mobile&quot;],&quot;custom_query&quot;:false,&quot;custom_query_id&quot;:&quot;&quot;,&quot;_element_id&quot;:&quot;&quot;}}\" data-page=\"1\" data-pages=\"1\" data-listing-source=\"posts\" data-listing-id=\"22840\" data-query-id=\"\"><div class=\"jet-listing-grid__item jet-listing-dynamic-post-22881 jet-equal-columns\" data-post-id=\"22881\" >\t\t<div data-elementor-type=\"jet-listing-items\" data-elementor-id=\"22840\" class=\"elementor elementor-22840\" data-elementor-post-type=\"jet-engine\">\n\t\t\t\t\t\t<section class=\"elementor-section elementor-top-section elementor-element elementor-element-2fa596e elementor-section-boxed elementor-section-height-default elementor-section-height-default\" data-id=\"2fa596e\" data-element_type=\"section\" data-settings=\"{&quot;background_background&quot;:&quot;classic&quot;}\">\n\t\t\t\t\t\t<div class=\"elementor-container elementor-column-gap-default\">\n\t\t\t\t\t<div class=\"elementor-column elementor-col-100 elementor-top-column elementor-element elementor-element-dfc598f\" data-id=\"dfc598f\" data-element_type=\"column\">\n\t\t\t<div class=\"elementor-widget-wrap elementor-element-populated\">\n\t\t\t\t\t\t<div class=\"elementor-element elementor-element-23d2cb8 elementor-widget elementor-widget-jet-listing-dynamic-field\" data-id=\"23d2cb8\" data-element_type=\"widget\" data-widget_type=\"jet-listing-dynamic-field.default\">\n\t\t\t\t<div class=\"elementor-widget-container\">\n\t\t\t\t\t<div class=\"jet-listing jet-listing-dynamic-field display-inline\"><div class=\"jet-listing-dynamic-field__inline-wrap\"><h1 class=\"jet-listing-dynamic-field__content\">Ref. 732 - Cola Vermelha<\/h1><\/div><\/div>\t\t\t\t<\/div>\n\t\t\t\t<\/div>\n\t\t\t\t<div class=\"elementor-element elementor-element-6b8f5bf elementor-widget elementor-widget-jet-listing-dynamic-image\" data-id=\"6b8f5bf\" data-element_type=\"widget\" data-widget_type=\"jet-listing-dynamic-image.default\">\n\t\t\t\t<div class=\"elementor-widget-container\">\n\t\t\t\t\t<div class=\"jet-listing jet-listing-dynamic-image\"><img fetchpriority=\"high\" decoding=\"async\" width=\"225\" height=\"300\" src=\"https:\/\/courocal.com.br\/wp-content\/uploads\/2024\/01\/cola-vermelha-ref-732-506x675-1-225x300.jpg\" class=\"jet-listing-dynamic-image__img attachment-medium size-medium wp-post-image\" alt=\"cola-vermelha-ref-732-506x675\" srcset=\"https:\/\/courocal.com.br\/wp-content\/uploads\/2024\/01\/cola-vermelha-ref-732-506x675-1-225x300.jpg 225w, https:\/\/courocal.com.br\/wp-content\/uploads\/2024\/01\/cola-vermelha-ref-732-506x675-1.jpg 506w\" sizes=\"(max-width: 225px) 100vw, 225px\" loading=\"eager\" \/><\/div>\t\t\t\t<\/div>\n\t\t\t\t<\/div>\n\t\t\t\t<div class=\"elementor-element elementor-element-50fafc3 elementor-widget elementor-widget-jet-listing-dynamic-field\" data-id=\"50fafc3\" data-element_type=\"widget\" data-widget_type=\"jet-listing-dynamic-field.default\">\n\t\t\t\t<div class=\"elementor-widget-container\">\n\t\t\t\t\t<div class=\"jet-listing jet-listing-dynamic-field display-inline\"><div class=\"jet-listing-dynamic-field__inline-wrap\"><div class=\"jet-listing-dynamic-field__content\">Indicada para blocagem. Utilizada pelos segmentos de artes gr\u00e1ficas, encaderna\u00e7\u00e3o e embalagens.<\/div><\/div><\/div>\t\t\t\t<\/div>\n\t\t\t\t<\/div>\n\t\t\t\t<div class=\"elementor-element elementor-element-6d65930 elementor-align-center elementor-widget elementor-widget-button\" data-id=\"6d65930\" data-element_type=\"widget\" data-widget_type=\"button.default\">\n\t\t\t\t<div class=\"elementor-widget-container\">\n\t\t\t\t\t\t\t\t\t<div class=\"elementor-button-wrapper\">\n\t\t\t\t\t<a class=\"elementor-button elementor-button-link elementor-size-sm\" href=\"https:\/\/wa.link\/fg9nwm\">\n\t\t\t\t\t\t<span class=\"elementor-button-content-wrapper\">\n\t\t\t\t\t\t\t\t\t<span class=\"elementor-button-text\">Fa\u00e7a seu pedido<\/span>\n\t\t\t\t\t<\/span>\n\t\t\t\t\t<\/a>\n\t\t\t\t<\/div>\n\t\t\t\t\t\t\t\t<\/div>\n\t\t\t\t<\/div>\n\t\t\t\t\t<\/div>\n\t\t<\/div>\n\t\t\t\t\t<\/div>\n\t\t<\/section>\n\t\t\t\t<\/div>\n\t\t<\/div><div class=\"jet-listing-grid__item jet-listing-dynamic-post-22878 jet-equal-columns\" data-post-id=\"22878\" >\t\t<div data-elementor-type=\"jet-listing-items\" data-elementor-id=\"22840\" class=\"elementor elementor-22840\" data-elementor-post-type=\"jet-engine\">\n\t\t\t\t\t\t<section class=\"elementor-section elementor-top-section elementor-element elementor-element-2fa596e elementor-section-boxed elementor-section-height-default elementor-section-height-default\" data-id=\"2fa596e\" data-element_type=\"section\" data-settings=\"{&quot;background_background&quot;:&quot;classic&quot;}\">\n\t\t\t\t\t\t<div class=\"elementor-container elementor-column-gap-default\">\n\t\t\t\t\t<div class=\"elementor-column elementor-col-100 elementor-top-column elementor-element elementor-element-dfc598f\" data-id=\"dfc598f\" data-element_type=\"column\">\n\t\t\t<div class=\"elementor-widget-wrap elementor-element-populated\">\n\t\t\t\t\t\t<div class=\"elementor-element elementor-element-23d2cb8 elementor-widget elementor-widget-jet-listing-dynamic-field\" data-id=\"23d2cb8\" data-element_type=\"widget\" data-widget_type=\"jet-listing-dynamic-field.default\">\n\t\t\t\t<div class=\"elementor-widget-container\">\n\t\t\t\t\t<div class=\"jet-listing jet-listing-dynamic-field display-inline\"><div class=\"jet-listing-dynamic-field__inline-wrap\"><h1 class=\"jet-listing-dynamic-field__content\">Ref. 471 - Acetato<\/h1><\/div><\/div>\t\t\t\t<\/div>\n\t\t\t\t<\/div>\n\t\t\t\t<div class=\"elementor-element elementor-element-6b8f5bf elementor-widget elementor-widget-jet-listing-dynamic-image\" data-id=\"6b8f5bf\" data-element_type=\"widget\" data-widget_type=\"jet-listing-dynamic-image.default\">\n\t\t\t\t<div class=\"elementor-widget-container\">\n\t\t\t\t\t<div class=\"jet-listing jet-listing-dynamic-image\"><img decoding=\"async\" width=\"206\" height=\"300\" src=\"https:\/\/courocal.com.br\/wp-content\/uploads\/2024\/01\/cola-ref-471-1-646x861-1-206x300.jpeg\" class=\"jet-listing-dynamic-image__img attachment-medium size-medium wp-post-image\" alt=\"cola-ref-471-1-646x861\" srcset=\"https:\/\/courocal.com.br\/wp-content\/uploads\/2024\/01\/cola-ref-471-1-646x861-1-206x300.jpeg 206w, https:\/\/courocal.com.br\/wp-content\/uploads\/2024\/01\/cola-ref-471-1-646x861-1.jpeg 591w\" sizes=\"(max-width: 206px) 100vw, 206px\" loading=\"eager\" \/><\/div>\t\t\t\t<\/div>\n\t\t\t\t<\/div>\n\t\t\t\t<div class=\"elementor-element elementor-element-50fafc3 elementor-widget elementor-widget-jet-listing-dynamic-field\" data-id=\"50fafc3\" data-element_type=\"widget\" data-widget_type=\"jet-listing-dynamic-field.default\">\n\t\t\t\t<div class=\"elementor-widget-container\">\n\t\t\t\t\t<div class=\"jet-listing jet-listing-dynamic-field display-inline\"><div class=\"jet-listing-dynamic-field__inline-wrap\"><div class=\"jet-listing-dynamic-field__content\">Esta cola \u00e9 indicada para a colagem entre papel e materiais pl\u00e1sticos, tipo PVC e poliestireno, tendo excelente pegada inicial. Tamb\u00e9m \u00e9 usada para rotulagem de frascos, na colagem de pap\u00e9is envernizados, sacolas, cart\u00f5es laminados e visores de acetato.<\/div><\/div><\/div>\t\t\t\t<\/div>\n\t\t\t\t<\/div>\n\t\t\t\t<div class=\"elementor-element elementor-element-6d65930 elementor-align-center elementor-widget elementor-widget-button\" data-id=\"6d65930\" data-element_type=\"widget\" data-widget_type=\"button.default\">\n\t\t\t\t<div class=\"elementor-widget-container\">\n\t\t\t\t\t\t\t\t\t<div class=\"elementor-button-wrapper\">\n\t\t\t\t\t<a class=\"elementor-button elementor-button-link elementor-size-sm\" href=\"https:\/\/wa.link\/fg9nwm\">\n\t\t\t\t\t\t<span class=\"elementor-button-content-wrapper\">\n\t\t\t\t\t\t\t\t\t<span class=\"elementor-button-text\">Fa\u00e7a seu pedido<\/span>\n\t\t\t\t\t<\/span>\n\t\t\t\t\t<\/a>\n\t\t\t\t<\/div>\n\t\t\t\t\t\t\t\t<\/div>\n\t\t\t\t<\/div>\n\t\t\t\t\t<\/div>\n\t\t<\/div>\n\t\t\t\t\t<\/div>\n\t\t<\/section>\n\t\t\t\t<\/div>\n\t\t<\/div><div class=\"jet-listing-grid__item jet-listing-dynamic-post-22855 jet-equal-columns\" data-post-id=\"22855\" >\t\t<div data-elementor-type=\"jet-listing-items\" data-elementor-id=\"22840\" class=\"elementor elementor-22840\" data-elementor-post-type=\"jet-engine\">\n\t\t\t\t\t\t<section class=\"elementor-section elementor-top-section elementor-element elementor-element-2fa596e elementor-section-boxed elementor-section-height-default elementor-section-height-default\" data-id=\"2fa596e\" data-element_type=\"section\" data-settings=\"{&quot;background_background&quot;:&quot;classic&quot;}\">\n\t\t\t\t\t\t<div class=\"elementor-container elementor-column-gap-default\">\n\t\t\t\t\t<div class=\"elementor-column elementor-col-100 elementor-top-column elementor-element elementor-element-dfc598f\" data-id=\"dfc598f\" data-element_type=\"column\">\n\t\t\t<div class=\"elementor-widget-wrap elementor-element-populated\">\n\t\t\t\t\t\t<div class=\"elementor-element elementor-element-23d2cb8 elementor-widget elementor-widget-jet-listing-dynamic-field\" data-id=\"23d2cb8\" data-element_type=\"widget\" data-widget_type=\"jet-listing-dynamic-field.default\">\n\t\t\t\t<div class=\"elementor-widget-container\">\n\t\t\t\t\t<div class=\"jet-listing jet-listing-dynamic-field display-inline\"><div class=\"jet-listing-dynamic-field__inline-wrap\"><h1 class=\"jet-listing-dynamic-field__content\">Ref 104 - Adesivo<\/h1><\/div><\/div>\t\t\t\t<\/div>\n\t\t\t\t<\/div>\n\t\t\t\t<div class=\"elementor-element elementor-element-6b8f5bf elementor-widget elementor-widget-jet-listing-dynamic-image\" data-id=\"6b8f5bf\" data-element_type=\"widget\" data-widget_type=\"jet-listing-dynamic-image.default\">\n\t\t\t\t<div class=\"elementor-widget-container\">\n\t\t\t\t\t<div class=\"jet-listing jet-listing-dynamic-image\"><img decoding=\"async\" width=\"225\" height=\"300\" src=\"https:\/\/courocal.com.br\/wp-content\/uploads\/2024\/01\/cola-refer-104-646x861-1-225x300.jpg\" class=\"jet-listing-dynamic-image__img attachment-medium size-medium wp-post-image\" alt=\"cola-refer-104-646x861\" srcset=\"https:\/\/courocal.com.br\/wp-content\/uploads\/2024\/01\/cola-refer-104-646x861-1-225x300.jpg 225w, https:\/\/courocal.com.br\/wp-content\/uploads\/2024\/01\/cola-refer-104-646x861-1.jpg 646w\" sizes=\"(max-width: 225px) 100vw, 225px\" loading=\"eager\" \/><\/div>\t\t\t\t<\/div>\n\t\t\t\t<\/div>\n\t\t\t\t<div class=\"elementor-element elementor-element-50fafc3 elementor-widget elementor-widget-jet-listing-dynamic-field\" data-id=\"50fafc3\" data-element_type=\"widget\" data-widget_type=\"jet-listing-dynamic-field.default\">\n\t\t\t\t<div class=\"elementor-widget-container\">\n\t\t\t\t\t<div class=\"jet-listing jet-listing-dynamic-field display-inline\"><div class=\"jet-listing-dynamic-field__inline-wrap\"><div class=\"jet-listing-dynamic-field__content\">Indicado para colagem de papel com papel nas opera\u00e7\u00f5es de acoplamento. Utilizado tamb\u00e9m para a montagem de caixas e embalagens. <\/div><\/div><\/div>\t\t\t\t<\/div>\n\t\t\t\t<\/div>\n\t\t\t\t<div class=\"elementor-element elementor-element-6d65930 elementor-align-center elementor-widget elementor-widget-button\" data-id=\"6d65930\" data-element_type=\"widget\" data-widget_type=\"button.default\">\n\t\t\t\t<div class=\"elementor-widget-container\">\n\t\t\t\t\t\t\t\t\t<div class=\"elementor-button-wrapper\">\n\t\t\t\t\t<a class=\"elementor-button elementor-button-link elementor-size-sm\" href=\"https:\/\/wa.link\/fg9nwm\">\n\t\t\t\t\t\t<span class=\"elementor-button-content-wrapper\">\n\t\t\t\t\t\t\t\t\t<span class=\"elementor-button-text\">Fa\u00e7a seu pedido<\/span>\n\t\t\t\t\t<\/span>\n\t\t\t\t\t<\/a>\n\t\t\t\t<\/div>\n\t\t\t\t\t\t\t\t<\/div>\n\t\t\t\t<\/div>\n\t\t\t\t\t<\/div>\n\t\t<\/div>\n\t\t\t\t\t<\/div>\n\t\t<\/section>\n\t\t\t\t<\/div>\n\t\t<\/div><div class=\"jet-listing-grid__item jet-listing-dynamic-post-22837 jet-equal-columns\" data-post-id=\"22837\" >\t\t<div data-elementor-type=\"jet-listing-items\" data-elementor-id=\"22840\" class=\"elementor elementor-22840\" data-elementor-post-type=\"jet-engine\">\n\t\t\t\t\t\t<section class=\"elementor-section elementor-top-section elementor-element elementor-element-2fa596e elementor-section-boxed elementor-section-height-default elementor-section-height-default\" data-id=\"2fa596e\" data-element_type=\"section\" data-settings=\"{&quot;background_background&quot;:&quot;classic&quot;}\">\n\t\t\t\t\t\t<div class=\"elementor-container elementor-column-gap-default\">\n\t\t\t\t\t<div class=\"elementor-column elementor-col-100 elementor-top-column elementor-element elementor-element-dfc598f\" data-id=\"dfc598f\" data-element_type=\"column\">\n\t\t\t<div class=\"elementor-widget-wrap elementor-element-populated\">\n\t\t\t\t\t\t<div class=\"elementor-element elementor-element-23d2cb8 elementor-widget elementor-widget-jet-listing-dynamic-field\" data-id=\"23d2cb8\" data-element_type=\"widget\" data-widget_type=\"jet-listing-dynamic-field.default\">\n\t\t\t\t<div class=\"elementor-widget-container\">\n\t\t\t\t\t<div class=\"jet-listing jet-listing-dynamic-field display-inline\"><div class=\"jet-listing-dynamic-field__inline-wrap\"><h1 class=\"jet-listing-dynamic-field__content\">Ref. 632\/57 - PVA<\/h1><\/div><\/div>\t\t\t\t<\/div>\n\t\t\t\t<\/div>\n\t\t\t\t<div class=\"elementor-element elementor-element-6b8f5bf elementor-widget elementor-widget-jet-listing-dynamic-image\" data-id=\"6b8f5bf\" data-element_type=\"widget\" data-widget_type=\"jet-listing-dynamic-image.default\">\n\t\t\t\t<div class=\"elementor-widget-container\">\n\t\t\t\t\t<div class=\"jet-listing jet-listing-dynamic-image\"><img decoding=\"async\" width=\"300\" height=\"300\" src=\"https:\/\/courocal.com.br\/wp-content\/uploads\/2024\/01\/Ref63257-300x300.jpg\" class=\"jet-listing-dynamic-image__img attachment-medium size-medium wp-post-image\" alt=\"Ref63257\" srcset=\"https:\/\/courocal.com.br\/wp-content\/uploads\/2024\/01\/Ref63257-300x300.jpg 300w, https:\/\/courocal.com.br\/wp-content\/uploads\/2024\/01\/Ref63257-150x150.jpg 150w, https:\/\/courocal.com.br\/wp-content\/uploads\/2024\/01\/Ref63257.jpg 646w\" sizes=\"(max-width: 300px) 100vw, 300px\" loading=\"eager\" \/><\/div>\t\t\t\t<\/div>\n\t\t\t\t<\/div>\n\t\t\t\t<div class=\"elementor-element elementor-element-50fafc3 elementor-widget elementor-widget-jet-listing-dynamic-field\" data-id=\"50fafc3\" data-element_type=\"widget\" data-widget_type=\"jet-listing-dynamic-field.default\">\n\t\t\t\t<div class=\"elementor-widget-container\">\n\t\t\t\t\t<div class=\"jet-listing jet-listing-dynamic-field display-inline\"><div class=\"jet-listing-dynamic-field__inline-wrap\"><div class=\"jet-listing-dynamic-field__content\">Serve para blocagem, encaderna\u00e7\u00e3o e embalagens decorativas.<\/div><\/div><\/div>\t\t\t\t<\/div>\n\t\t\t\t<\/div>\n\t\t\t\t<div class=\"elementor-element elementor-element-6d65930 elementor-align-center elementor-widget elementor-widget-button\" data-id=\"6d65930\" data-element_type=\"widget\" data-widget_type=\"button.default\">\n\t\t\t\t<div class=\"elementor-widget-container\">\n\t\t\t\t\t\t\t\t\t<div class=\"elementor-button-wrapper\">\n\t\t\t\t\t<a class=\"elementor-button elementor-button-link elementor-size-sm\" href=\"https:\/\/wa.link\/fg9nwm\">\n\t\t\t\t\t\t<span class=\"elementor-button-content-wrapper\">\n\t\t\t\t\t\t\t\t\t<span class=\"elementor-button-text\">Fa\u00e7a seu pedido<\/span>\n\t\t\t\t\t<\/span>\n\t\t\t\t\t<\/a>\n\t\t\t\t<\/div>\n\t\t\t\t\t\t\t\t<\/div>\n\t\t\t\t<\/div>\n\t\t\t\t\t<\/div>\n\t\t<\/div>\n\t\t\t\t\t<\/div>\n\t\t<\/section>\n\t\t\t\t<\/div>\n\t\t<\/div><\/div><\/div>\t\t\t\t<\/div>\n\t\t\t\t<\/div>\n\t\t\t\t\t<\/div>\n\t\t<\/div>\n\t\t\t\t\t<\/div>\n\t\t<\/section>\n\t\t\t\t<\/div>\n\t\t","protected":false},"excerpt":{"rendered":"<p>Adesivos \u00e0 base de \u00e1gua Livre de solvente, a linha de adesivos Couroplast, da Courocal, serve para diferentes aplica\u00e7\u00f5es e colagem em materiais diversos \u2014 de pap\u00e9is e pl\u00e1sticos a laminados, f\u00f3rmica e madeira, superf\u00edcies envernizadas. S\u00e3o envasadas em embalagens de 1 kg e bombonas de 5 kgs. Dispon\u00edveis tamb\u00e9m em barricas de 10 kgs\/ 25Kgs e 50 Kgs. Ref. 732 &#8211; Cola Vermelha Indicada para blocagem. Utilizada pelos segmentos de artes gr\u00e1ficas, encaderna\u00e7\u00e3o e embalagens. Fa\u00e7a seu pedido Ref. 471 &#8211; Acetato Esta cola \u00e9 indicada para a colagem entre papel e materiais pl\u00e1sticos, tipo PVC e poliestireno, tendo excelente pegada inicial. Tamb\u00e9m \u00e9 usada para rotulagem de frascos, na colagem de pap\u00e9is envernizados, sacolas, cart\u00f5es laminados e visores de acetato. Fa\u00e7a seu pedido Ref 104 &#8211; Adesivo Indicado para colagem de papel com papel nas opera\u00e7\u00f5es de acoplamento. Utilizado tamb\u00e9m para a montagem de caixas e embalagens. Fa\u00e7a&hellip;<\/p>\n<p> <a class=\"more-link\" href=\"https:\/\/courocal.com.br\/?page_id=22845\">Leia mais<\/a><\/p>\n","protected":false},"author":1,"featured_media":0,"parent":0,"menu_order":0,"comment_status":"closed","ping_status":"closed","template":"","meta":{"_joinchat":[],"footnotes":""},"class_list":["post-22845","page","type-page","status-publish"],"_links":{"self":[{"href":"https:\/\/courocal.com.br\/index.php?rest_route=\/wp\/v2\/pages\/22845","targetHints":{"allow":["GET"]}}],"collection":[{"href":"https:\/\/courocal.com.br\/index.php?rest_route=\/wp\/v2\/pages"}],"about":[{"href":"https:\/\/courocal.com.br\/index.php?rest_route=\/wp\/v2\/types\/page"}],"author":[{"embeddable":true,"href":"https:\/\/courocal.com.br\/index.php?rest_route=\/wp\/v2\/users\/1"}],"replies":[{"embeddable":true,"href":"https:\/\/courocal.com.br\/index.php?rest_route=%2Fwp%2Fv2%2Fcomments&post=22845"}],"version-history":[{"count":25,"href":"https:\/\/courocal.com.br\/index.php?rest_route=\/wp\/v2\/pages\/22845\/revisions"}],"predecessor-version":[{"id":22898,"href":"https:\/\/courocal.com.br\/index.php?rest_route=\/wp\/v2\/pages\/22845\/revisions\/22898"}],"wp:attachment":[{"href":"https:\/\/courocal.com.br\/index.php?rest_route=%2Fwp%2Fv2%2Fmedia&parent=22845"}],"curies":[{"name":"wp","href":"https:\/\/api.w.org\/{rel}","templated":true}]}}