{"id":11968,"date":"2023-03-24T14:51:35","date_gmt":"2023-03-24T17:51:35","guid":{"rendered":"https:\/\/courocal-com-br.umbler.net\/?page_id=11968"},"modified":"2024-02-08T11:21:12","modified_gmt":"2024-02-08T14:21:12","slug":"sobre-nos","status":"publish","type":"page","link":"https:\/\/courocal.com.br\/?page_id=11968","title":{"rendered":"Sobre n\u00f3s"},"content":{"rendered":"\t\t<div data-elementor-type=\"wp-page\" data-elementor-id=\"11968\" class=\"elementor elementor-11968\" data-elementor-post-type=\"page\">\n\t\t\t\t\t\t<section class=\"elementor-section elementor-top-section elementor-element elementor-element-3e734b3 elementor-section-stretched elementor-section-height-min-height elementor-section-boxed elementor-section-height-default elementor-section-items-middle\" data-id=\"3e734b3\" data-element_type=\"section\" data-settings=\"{&quot;stretch_section&quot;:&quot;section-stretched&quot;,&quot;background_background&quot;:&quot;classic&quot;,&quot;shape_divider_bottom&quot;:&quot;triangle&quot;,&quot;shape_divider_bottom_negative&quot;:&quot;yes&quot;}\">\n\t\t\t\t\t\t\t<div class=\"elementor-background-overlay\"><\/div>\n\t\t\t\t\t\t<div class=\"elementor-shape elementor-shape-bottom\" aria-hidden=\"true\" data-negative=\"true\">\n\t\t\t<svg xmlns=\"http:\/\/www.w3.org\/2000\/svg\" viewBox=\"0 0 1000 100\" preserveAspectRatio=\"none\">\n\t<path class=\"elementor-shape-fill\" d=\"M500.2,94.7L0,0v100h1000V0L500.2,94.7z\"\/>\n<\/svg>\t\t<\/div>\n\t\t\t\t\t<div class=\"elementor-container elementor-column-gap-default\">\n\t\t\t\t\t<div class=\"elementor-column elementor-col-100 elementor-top-column elementor-element elementor-element-45ff9bc\" data-id=\"45ff9bc\" data-element_type=\"column\">\n\t\t\t<div class=\"elementor-widget-wrap elementor-element-populated\">\n\t\t\t\t\t\t<div class=\"elementor-element elementor-element-c1548b7 elementor-widget elementor-widget-heading\" data-id=\"c1548b7\" data-element_type=\"widget\" data-widget_type=\"heading.default\">\n\t\t\t\t<div class=\"elementor-widget-container\">\n\t\t\t\t\t<h2 class=\"elementor-heading-title elementor-size-default\">SOBRE N\u00d3S<\/h2>\t\t\t\t<\/div>\n\t\t\t\t<\/div>\n\t\t\t\t<div class=\"elementor-element elementor-element-7b785df elementor-widget elementor-widget-text-editor\" data-id=\"7b785df\" data-element_type=\"widget\" data-widget_type=\"text-editor.default\">\n\t\t\t\t<div class=\"elementor-widget-container\">\n\t\t\t\t\t\t\t\t\t<p>Somos a <strong>COUROCAL<\/strong> e atuamos no com\u00e9rcio e distribui\u00e7\u00e3o de mat\u00e9rias primas de papel\u00e3o e sint\u00e9ticos de excelente proced\u00eancia, com a garantia das certifica\u00e7\u00f5es de qualidade (Norma ISO) e ambiental (FSC).<br \/><br \/>Desde o in\u00edcio das opera\u00e7\u00f5es trabalhamos com um elenco de fornecedores qualificados, que nos abastecem com materiais e insumos de primeira linha. Buscamos sempre antecipar solu\u00e7\u00f5es, o que se traduz em clientes plenamente satisfeitos.<br \/><br \/>Trabalhamos com uma equipe de profissionais comprometida com solu\u00e7\u00f5es e resultados. Oferecemos um mundo de possibilidades.\u00a0<\/p>\t\t\t\t\t\t\t\t<\/div>\n\t\t\t\t<\/div>\n\t\t\t\t\t<\/div>\n\t\t<\/div>\n\t\t\t\t\t<\/div>\n\t\t<\/section>\n\t\t\t\t<section class=\"elementor-section elementor-top-section elementor-element elementor-element-a704ae2 elementor-section-content-middle elementor-section-boxed elementor-section-height-default elementor-section-height-default\" data-id=\"a704ae2\" data-element_type=\"section\" data-settings=\"{&quot;background_background&quot;:&quot;classic&quot;}\">\n\t\t\t\t\t\t<div class=\"elementor-container elementor-column-gap-default\">\n\t\t\t\t\t<div class=\"elementor-column elementor-col-100 elementor-top-column elementor-element elementor-element-68f8f2b\" data-id=\"68f8f2b\" data-element_type=\"column\">\n\t\t\t<div class=\"elementor-widget-wrap elementor-element-populated\">\n\t\t\t\t\t\t<div class=\"elementor-element elementor-element-782b3f7 elementor-widget elementor-widget-heading\" data-id=\"782b3f7\" data-element_type=\"widget\" data-widget_type=\"heading.default\">\n\t\t\t\t<div class=\"elementor-widget-container\">\n\t\t\t\t\t<h3 class=\"elementor-heading-title elementor-size-large\">HIST\u00d3RIA<\/h3>\t\t\t\t<\/div>\n\t\t\t\t<\/div>\n\t\t\t\t<div class=\"elementor-element elementor-element-b3a1734 elementor-widget elementor-widget-text-editor\" data-id=\"b3a1734\" data-element_type=\"widget\" data-widget_type=\"text-editor.default\">\n\t\t\t\t<div class=\"elementor-widget-container\">\n\t\t\t\t\t\t\t\t\t<div id=\"texto-editavel_52402\" class=\"rich-text\"><div class=\"rich-text-content\"><p><strong>NOSSA HIST\u00d3RIA<\/strong>\u00a0come\u00e7ou em 12 de novembro de 1993, quando instalamos a primeira unidade comercial da Courocal, com sede na av. Cel. Frederico Link, no Bairro Rio Branco, em Novo Hamburgo.<br \/><br \/>Sete anos depois, devido ao crescimento das vendas e expans\u00e3o para outros estados da federa\u00e7\u00e3o, transferimos a Courocal para um pavilh\u00e3o de 125 metros quadrados na Av. Victor Hugo Kunz, 847, Bairro Hamburgo Velho, at\u00e9 hoje o endere\u00e7o sede de nossa loja.<br \/><br \/>Somos uma sociedade limitada, tendo como s\u00f3cios o casal Ricardo Danilo Reichmann e Vilma Teresinha Franken Reichmann e o filho Ricardo Reichmann.<\/p><\/div><\/div>\t\t\t\t\t\t\t\t<\/div>\n\t\t\t\t<\/div>\n\t\t\t\t\t<\/div>\n\t\t<\/div>\n\t\t\t\t\t<\/div>\n\t\t<\/section>\n\t\t\t\t<section class=\"elementor-section elementor-top-section elementor-element elementor-element-7eae944 elementor-section-content-middle elementor-section-boxed elementor-section-height-default elementor-section-height-default\" data-id=\"7eae944\" data-element_type=\"section\" data-settings=\"{&quot;background_background&quot;:&quot;classic&quot;}\">\n\t\t\t\t\t\t<div class=\"elementor-container elementor-column-gap-default\">\n\t\t\t\t\t<div class=\"elementor-column elementor-col-100 elementor-top-column elementor-element elementor-element-6640fbb\" data-id=\"6640fbb\" data-element_type=\"column\">\n\t\t\t<div class=\"elementor-widget-wrap elementor-element-populated\">\n\t\t\t\t\t\t<section class=\"elementor-section elementor-inner-section elementor-element elementor-element-7f9e6a1a elementor-section-boxed elementor-section-height-default elementor-section-height-default\" data-id=\"7f9e6a1a\" data-element_type=\"section\">\n\t\t\t\t\t\t<div class=\"elementor-container elementor-column-gap-default\">\n\t\t\t\t\t<div class=\"elementor-column elementor-col-100 elementor-inner-column elementor-element elementor-element-70e6e809\" data-id=\"70e6e809\" data-element_type=\"column\">\n\t\t\t<div class=\"elementor-widget-wrap elementor-element-populated\">\n\t\t\t\t\t\t<div class=\"elementor-element elementor-element-6ac79e34 elementor-widget elementor-widget-heading\" data-id=\"6ac79e34\" data-element_type=\"widget\" data-widget_type=\"heading.default\">\n\t\t\t\t<div class=\"elementor-widget-container\">\n\t\t\t\t\t<h3 class=\"elementor-heading-title elementor-size-large\">onde atuamos<\/h3>\t\t\t\t<\/div>\n\t\t\t\t<\/div>\n\t\t\t\t<div class=\"elementor-element elementor-element-cb5fbed elementor-widget elementor-widget-text-editor\" data-id=\"cb5fbed\" data-element_type=\"widget\" data-widget_type=\"text-editor.default\">\n\t\t\t\t<div class=\"elementor-widget-container\">\n\t\t\t\t\t\t\t\t\t<p> <!-- start Fla-shop.com HTML5 Map --> <div class='freeHtmlMapbottom htmlMapResponsive' style='max-width:780px; width: 100%'> <div id='map-container-0' class='freeHtmlMapContainer' data-map-variable='map0'><\/div> <link href='https:\/\/courocal.com.br\/wp-content\/plugins\/html5-maps\/static\/css\/map.css' rel='stylesheet'> <style> body .fm-tooltip { color: #000000; font-size: 20px; } <\/style> <script src='\/\/cdn.html5maps.com\/3d_party\/raphael.min.js'><\/script> <script src='https:\/\/courocal.com.br\/index.php?freemap_js_data=true&#038;map_id=0&#038;r=96851'><\/script> <script src='\/\/cdn.html5maps.com\/libs\/locator\/2.4.0\/brazil\/map.js'><\/script> <script> var map0 = new FlaMap(map_cfg); map0.drawOnDomReady('map-container-0'); map0.on('click', function(ev, sid, map) { jQuery('#freeHtmlMapStateInfo0').html(''); var link = map.mapConfig.map_data[sid]['link']; if (link == '#info') { var id = map.mapConfig.map_data[sid]['id']; jQuery('#freeHtmlMapStateInfo0').html('Loading...'); jQuery.ajax({ type: 'POST', url: 'https:\/\/courocal.com.br\/index.php?freemap_get_state_info='+id+'&map_id=0', success: function(data, textStatus, jqXHR){ jQuery('#freeHtmlMapStateInfo0').html(data); }, dataType: 'text' }); } }); <\/script> <div id='freeHtmlMapStateInfo0' class='freeHtmlMapStateInfo'><\/div> <\/div> <div style='clear: both'><\/div> <!-- end HTML5 Map --> <\/p>\t\t\t\t\t\t\t\t<\/div>\n\t\t\t\t<\/div>\n\t\t\t\t<div class=\"elementor-element elementor-element-1c7834de elementor-widget elementor-widget-text-editor\" data-id=\"1c7834de\" data-element_type=\"widget\" data-widget_type=\"text-editor.default\">\n\t\t\t\t<div class=\"elementor-widget-container\">\n\t\t\t\t\t\t\t\t\t<section id=\"area_17381\"><div id=\"texto-editavel_52404\" class=\"rich-text\"><div class=\"rich-text-content\"><p class=\"rich-text-content\">Com presen\u00e7a forte nas regi\u00f5es Sul, Sudeste e Centro do Brasil, atendemos clientes distribu\u00eddos em todo o Rio Grande do Sul e nos estados de Santa Catarina, Paran\u00e1, S\u00e3o Paulo, Rio de Janeiro, Esp\u00edrito Santo e na Capital Federal.<\/p><\/div><\/div><\/section><footer id=\"area_17362\"><\/footer>\t\t\t\t\t\t\t\t<\/div>\n\t\t\t\t<\/div>\n\t\t\t\t\t<\/div>\n\t\t<\/div>\n\t\t\t\t\t<\/div>\n\t\t<\/section>\n\t\t\t\t<div class=\"elementor-element elementor-element-7aef4ec6 elementor-widget-divider--view-line elementor-widget elementor-widget-divider\" data-id=\"7aef4ec6\" data-element_type=\"widget\" data-widget_type=\"divider.default\">\n\t\t\t\t<div class=\"elementor-widget-container\">\n\t\t\t\t\t\t\t<div class=\"elementor-divider\">\n\t\t\t<span class=\"elementor-divider-separator\">\n\t\t\t\t\t\t<\/span>\n\t\t<\/div>\n\t\t\t\t\t\t<\/div>\n\t\t\t\t<\/div>\n\t\t\t\t\t<\/div>\n\t\t<\/div>\n\t\t\t\t\t<\/div>\n\t\t<\/section>\n\t\t\t\t<\/div>\n\t\t","protected":false},"excerpt":{"rendered":"<p>SOBRE N\u00d3S Somos a COUROCAL e atuamos no com\u00e9rcio e distribui\u00e7\u00e3o de mat\u00e9rias primas de papel\u00e3o e sint\u00e9ticos de excelente proced\u00eancia, com a garantia das certifica\u00e7\u00f5es de qualidade (Norma ISO) e ambiental (FSC). Desde o in\u00edcio das opera\u00e7\u00f5es trabalhamos com um elenco de fornecedores qualificados, que nos abastecem com materiais e insumos de primeira linha. Buscamos sempre antecipar solu\u00e7\u00f5es, o que se traduz em clientes plenamente satisfeitos. Trabalhamos com uma equipe de profissionais comprometida com solu\u00e7\u00f5es e resultados. Oferecemos um mundo de possibilidades.\u00a0 HIST\u00d3RIA NOSSA HIST\u00d3RIA\u00a0come\u00e7ou em 12 de novembro de 1993, quando instalamos a primeira unidade comercial da Courocal, com sede na av. Cel. Frederico Link, no Bairro Rio Branco, em Novo Hamburgo. Sete anos depois, devido ao crescimento das vendas e expans\u00e3o para outros estados da federa\u00e7\u00e3o, transferimos a Courocal para um pavilh\u00e3o de 125 metros quadrados na Av. Victor Hugo Kunz, 847, Bairro Hamburgo Velho, at\u00e9 hoje&hellip;<\/p>\n<p> <a class=\"more-link\" href=\"https:\/\/courocal.com.br\/?page_id=11968\">Leia mais<\/a><\/p>\n","protected":false},"author":1,"featured_media":0,"parent":0,"menu_order":0,"comment_status":"closed","ping_status":"closed","template":"","meta":{"_joinchat":[],"footnotes":""},"class_list":["post-11968","page","type-page","status-publish"],"_links":{"self":[{"href":"https:\/\/courocal.com.br\/index.php?rest_route=\/wp\/v2\/pages\/11968","targetHints":{"allow":["GET"]}}],"collection":[{"href":"https:\/\/courocal.com.br\/index.php?rest_route=\/wp\/v2\/pages"}],"about":[{"href":"https:\/\/courocal.com.br\/index.php?rest_route=\/wp\/v2\/types\/page"}],"author":[{"embeddable":true,"href":"https:\/\/courocal.com.br\/index.php?rest_route=\/wp\/v2\/users\/1"}],"replies":[{"embeddable":true,"href":"https:\/\/courocal.com.br\/index.php?rest_route=%2Fwp%2Fv2%2Fcomments&post=11968"}],"version-history":[{"count":34,"href":"https:\/\/courocal.com.br\/index.php?rest_route=\/wp\/v2\/pages\/11968\/revisions"}],"predecessor-version":[{"id":23033,"href":"https:\/\/courocal.com.br\/index.php?rest_route=\/wp\/v2\/pages\/11968\/revisions\/23033"}],"wp:attachment":[{"href":"https:\/\/courocal.com.br\/index.php?rest_route=%2Fwp%2Fv2%2Fmedia&parent=11968"}],"curies":[{"name":"wp","href":"https:\/\/api.w.org\/{rel}","templated":true}]}}